{"id":31,"date":"2022-09-12T02:16:40","date_gmt":"2022-09-12T00:16:40","guid":{"rendered":"https:\/\/www.naumal.com\/?page_id=31"},"modified":"2023-08-08T12:03:45","modified_gmt":"2023-08-08T10:03:45","slug":"home-o-nas","status":"publish","type":"page","link":"https:\/\/www.naumal.com\/index.php\/home\/home-o-nas\/","title":{"rendered":"O nas"},"content":{"rendered":"\n<div class=\"wp-block-columns are-vertically-aligned-center is-layout-flex wp-container-core-columns-is-layout-9d6595d7 wp-block-columns-is-layout-flex\">\n<div class=\"wp-block-column is-vertically-aligned-center col-12 col-md-12 col-lg-4 is-layout-flow wp-block-column-is-layout-flow\">\n<div class=\"wp-block-columns is-layout-flex wp-container-core-columns-is-layout-9d6595d7 wp-block-columns-is-layout-flex\">\n<div class=\"wp-block-column is-vertically-aligned-center is-layout-flow wp-block-column-is-layout-flow\">\n<h2 class=\"wp-block-heading\">KILKA S\u0141\u00d3W O NAS<\/h2>\n\n\n\n<p>Firma Naumal powsta\u0142a z oczekiwa\u0144 rynku, na kt\u00f3rym coraz cz\u0119\u015bciej pojawia\u0142y si\u0119 trudne i nietypowe projekty. Chc\u0105c zapewni\u0107 mo\u017cliwie najwy\u017csz\u0105 jako\u015b\u0107 powsta\u0142 nasz park produkcyjny. Z kolei nasz zesp\u00f3\u0142 to ludzie z wieloletnim do\u015bwiadczeniem, ca\u0142e \u017cycie zawodowe zwi\u0105zani z \u015blusark\u0105 aluminiow\u0105. Jako polski producent, specjalizujemy si\u0119 w wykonywaniu \u015blusarki aluminiowej na indywidualne zam\u00f3wienie. Oferowane przez nas systemy aluminiowej s\u0105 kompatybilne z automatyk\u0105 budynkow\u0105 i umo\u017cliwiaj\u0105 realizacj\u0119 nawet najbardziej odwa\u017cnych wizji architektonicznych.<\/p>\n\n\n\n<p>Je\u015bli szukasz profesjonalnego i zaawansowanego technologiczne producenta, kt\u00f3ry dostarczy Ci produkty najwy\u017cszej jako\u015bci i wykonane z najwi\u0119ksz\u0105 precyzj\u0105, to w\u0142a\u015bnie nasza firma jest dla Ciebie. Skontaktuj si\u0119 z nami, a nasi do\u015bwiadczeni specjali\u015bci pomog\u0105 Ci w wyborze najlepszych rozwi\u0105za\u0144 dla Twojego projektu. Dzi\u0119ki nam, Twoje wn\u0119trza b\u0119d\u0105 pi\u0119kne, funkcjonalne oraz przede wszystkim zawsze dostosowane do Twoich indywidualnych potrzeb i wymaga\u0144.<\/p>\n<\/div>\n<\/div>\n<\/div>\n\n\n\n<div class=\"wp-block-column is-vertically-aligned-center col-12 col-md-12 col-lg-7 offset-lg-1 is-layout-flow wp-block-column-is-layout-flow\">\n<figure class=\"wp-block-image size-full sticky-top wow filter-in\"><img loading=\"lazy\" decoding=\"async\" width=\"842\" height=\"561\" src=\"https:\/\/www.naumal.com\/wp-content\/uploads\/2023\/05\/onas-1.jpg\" alt=\"\" class=\"wp-image-189\" srcset=\"https:\/\/www.naumal.com\/wp-content\/uploads\/2023\/05\/onas-1.jpg 842w, https:\/\/www.naumal.com\/wp-content\/uploads\/2023\/05\/onas-1-300x200.jpg 300w, https:\/\/www.naumal.com\/wp-content\/uploads\/2023\/05\/onas-1-150x100.jpg 150w, https:\/\/www.naumal.com\/wp-content\/uploads\/2023\/05\/onas-1-768x512.jpg 768w\" sizes=\"auto, (max-width: 842px) 100vw, 842px\" \/><\/figure>\n<\/div>\n<\/div>\n","protected":false},"excerpt":{"rendered":"<p>KILKA S\u0141\u00d3W O NAS Firma Naumal powsta\u0142a z oczekiwa\u0144 rynku, na kt\u00f3rym coraz cz\u0119\u015bciej pojawia\u0142y si\u0119 trudne i nietypowe projekty. Chc\u0105c zapewni\u0107 mo\u017cliwie najwy\u017csz\u0105 jako\u015b\u0107 powsta\u0142 nasz park produkcyjny. Z kolei nasz zesp\u00f3\u0142 to ludzie z wieloletnim do\u015bwiadczeniem, ca\u0142e \u017cycie zawodowe zwi\u0105zani z \u015blusark\u0105 aluminiow\u0105. Jako polski producent, specjalizujemy si\u0119 w wykonywaniu \u015blusarki aluminiowej na [&hellip;]<\/p>\n","protected":false},"author":1,"featured_media":21,"parent":121,"menu_order":1,"comment_status":"closed","ping_status":"closed","template":"","meta":{"footnotes":""},"class_list":["post-31","page","type-page","status-publish","has-post-thumbnail","hentry"],"_links":{"self":[{"href":"https:\/\/www.naumal.com\/index.php\/wp-json\/wp\/v2\/pages\/31","targetHints":{"allow":["GET"]}}],"collection":[{"href":"https:\/\/www.naumal.com\/index.php\/wp-json\/wp\/v2\/pages"}],"about":[{"href":"https:\/\/www.naumal.com\/index.php\/wp-json\/wp\/v2\/types\/page"}],"author":[{"embeddable":true,"href":"https:\/\/www.naumal.com\/index.php\/wp-json\/wp\/v2\/users\/1"}],"replies":[{"embeddable":true,"href":"https:\/\/www.naumal.com\/index.php\/wp-json\/wp\/v2\/comments?post=31"}],"version-history":[{"count":31,"href":"https:\/\/www.naumal.com\/index.php\/wp-json\/wp\/v2\/pages\/31\/revisions"}],"predecessor-version":[{"id":354,"href":"https:\/\/www.naumal.com\/index.php\/wp-json\/wp\/v2\/pages\/31\/revisions\/354"}],"up":[{"embeddable":true,"href":"https:\/\/www.naumal.com\/index.php\/wp-json\/wp\/v2\/pages\/121"}],"wp:featuredmedia":[{"embeddable":true,"href":"https:\/\/www.naumal.com\/index.php\/wp-json\/wp\/v2\/media\/21"}],"wp:attachment":[{"href":"https:\/\/www.naumal.com\/index.php\/wp-json\/wp\/v2\/media?parent=31"}],"curies":[{"name":"wp","href":"https:\/\/api.w.org\/{rel}","templated":true}]}}