{"id":64,"date":"2022-09-18T14:24:32","date_gmt":"2022-09-18T12:24:32","guid":{"rendered":"https:\/\/www.naumal.com\/?page_id=64"},"modified":"2026-04-15T00:33:28","modified_gmt":"2026-04-14T22:33:28","slug":"home-dystrybutorzy","status":"publish","type":"page","link":"https:\/\/www.naumal.com\/index.php\/home\/home-dystrybutorzy\/","title":{"rendered":"Dystrybutorzy"},"content":{"rendered":"\n<div class=\"wp-block-columns are-vertically-aligned-center is-layout-flex wp-container-core-columns-is-layout-9d6595d7 wp-block-columns-is-layout-flex\">\n<div class=\"wp-block-column is-vertically-aligned-center col-12 col-md-12 col-lg-4 is-layout-flow wp-block-column-is-layout-flow\">\n<h2 class=\"wp-block-heading\" style=\"text-transform:uppercase\">Dystrybutorzy<\/h2>\n\n\n\n<p>Firma Naumal nie prowadzi sprzeda\u017cy indywidualnej. Nasze produkty mo\u017cna kupi\u0107 tylko i wy\u0142\u0105cznie poprzez sie\u0107 autoryzowanych i wyszkolonych dystrybutor\u00f3w. Dzi\u0119ki temu nasi klienci otrzymuj\u0105 mo\u017cliwo\u015b\u0107 zakupu produktu dobrej jako\u015bci oraz monta\u017c, wsparcie techniczne i obs\u0142ug\u0119 w swoich regionach. Znacz\u0105co usprawnia to proces obs\u0142ugi klienta.<\/p>\n<\/div>\n\n\n\n<div class=\"wp-block-column is-vertically-aligned-center col-12 col-md-12 col-lg-7 offset-lg-1 is-layout-flow wp-block-column-is-layout-flow\" style=\"flex-basis:66.66%\">\n<figure class=\"wp-block-image size-full is-style-default wow filter-in\"><img loading=\"lazy\" decoding=\"async\" width=\"842\" height=\"561\" src=\"https:\/\/www.naumal.com\/wp-content\/uploads\/2022\/09\/porady2.jpg\" alt=\"\" class=\"wp-image-78\"\/><\/figure>\n<\/div>\n<\/div>\n\n\n\n<div class=\"wp-block-columns row is-layout-flex wp-container-core-columns-is-layout-9d6595d7 wp-block-columns-is-layout-flex\">\n<div class=\"wp-block-column col-12 col-md-12 col-lg-7 offset-lg-1 is-layout-flow wp-block-column-is-layout-flow\">\t\t<div id=\"wpmapblock_12ea6d3f\" data-settings='{&quot;map_marker&quot;:[{&quot;lat&quot;:&quot;49.9748797&quot;,&quot;lng&quot;:&quot;19.8298366&quot;,&quot;title&quot;:&quot;Machno&quot;,&quot;content&quot;:&quot;Cienkoramowe okna aluminiowe.&amp;lt;br&amp;gt;\\n\\t&amp;lt;div class=&amp;quot;py-3&amp;quot;&amp;gt;\\n\\t\\t\\tul. Korabnicka 3B, 32-050 Skawina\\n\\t\\t&amp;lt;\\\/div&amp;gt;\\n\\t\\t&amp;lt;div class=&amp;quot;d-flex justify-content-center pb-2&amp;quot;&amp;gt;\\n\\t\\t\\t&amp;lt;div class=&amp;quot;d-inline-block me-2&amp;quot;&amp;gt;&amp;lt;a href=&amp;quot;https:\\\/\\\/machno.pl\\\/&amp;quot; target=&amp;quot;blank&amp;quot; rel=&amp;quot;norefferer&amp;quot; title=&amp;quot;Strona WWW&amp;quot; class=&amp;quot;text-black h4&amp;quot;&amp;gt;&amp;lt;span class=&amp;quot;icon-globe&amp;quot;&amp;gt;&amp;lt;\\\/span&amp;gt;&amp;lt;\\\/a&amp;gt;&amp;lt;\\\/div&amp;gt;\\n\\t\\t\\t&amp;lt;div class=&amp;quot;d-inline-block me-2&amp;quot;&amp;gt;&amp;lt;a href=&amp;quot;https:\\\/\\\/www.google.com\\\/maps\\\/place\\\/MACHNO+-+cienkoramowe+okna+aluminiowe\\\/@49.9748797,19.8298366,15z\\\/data=!4m6!3m5!1s0x47165db937eeb90b:0xa705d668865981e8!8m2!3d49.9748797!4d19.8298366!16s%2Fg%2F11sf8l3wjq&amp;quot; target=&amp;quot;blank&amp;quot; rel=&amp;quot;norefferer&amp;quot; title=&amp;quot;Mapa&amp;quot; class=&amp;quot;text-black h4&amp;quot;&amp;gt;&amp;lt;span class=&amp;quot;icon-location&amp;quot;&amp;gt;&amp;lt;\\\/span&amp;gt;&amp;lt;\\\/a&amp;gt;&amp;lt;\\\/div&amp;gt;\\n\\n\\t\\t&amp;lt;\\\/div&amp;gt;&quot;,&quot;iconType&quot;:&quot;custom&quot;,&quot;customIconUrl&quot;:&quot;https:\\\/\\\/www.naumal.com\\\/wp-content\\\/uploads\\\/2024\\\/05\\\/machno_111x38.jpg&quot;,&quot;customIconWidth&quot;:&quot;100&quot;,&quot;customIconHeight&quot;:&quot;34&quot;},{&quot;lat&quot;:&quot;52.3830286&quot;,&quot;lng&quot;:&quot;16.9173481&quot;,&quot;title&quot;:&quot;MS Masterstick&quot;,&quot;content&quot;:&quot;Okna Aluminiowe.\\n&amp;lt;div class=&amp;quot;py-3&amp;quot;&amp;gt;\\n\\t\\t\\t ul. Rolna 17, 61-491 Pozna\\u0144\\n\\t\\t&amp;lt;\\\/div&amp;gt;\\n\\t\\t&amp;lt;div class=&amp;quot;d-flex justify-content-center pb-2&amp;quot;&amp;gt;\\n\\t\\t\\t&amp;lt;div class=&amp;quot;d-inline-block me-2&amp;quot;&amp;gt;&amp;lt;a href=&amp;quot;https:\\\/\\\/masterstick.pl\\\/&amp;quot; target=&amp;quot;blank&amp;quot; rel=&amp;quot;norefferer&amp;quot; title=&amp;quot;Strona WWW&amp;quot; class=&amp;quot;text-black h4&amp;quot;&amp;gt;&amp;lt;span class=&amp;quot;icon-globe&amp;quot;&amp;gt;&amp;lt;\\\/span&amp;gt;&amp;lt;\\\/a&amp;gt;&amp;lt;\\\/div&amp;gt;\\n\\t\\t\\t&amp;lt;div class=&amp;quot;d-inline-block me-2&amp;quot;&amp;gt;&amp;lt;a href=&amp;quot;https:\\\/\\\/goo.gl\\\/maps\\\/ohCidF4Rz9NxPRXFA&amp;quot; target=&amp;quot;blank&amp;quot; rel=&amp;quot;norefferer&amp;quot; title=&amp;quot;Mapa&amp;quot; class=&amp;quot;text-black h4&amp;quot;&amp;gt;&amp;lt;span class=&amp;quot;icon-location&amp;quot;&amp;gt;&amp;lt;\\\/span&amp;gt;&amp;lt;\\\/a&amp;gt;&amp;lt;\\\/div&amp;gt;\\n\\n\\t\\t&amp;lt;\\\/div&amp;gt;&quot;,&quot;iconType&quot;:&quot;custom&quot;,&quot;customIconUrl&quot;:&quot;https:\\\/\\\/www.naumal.com\\\/wp-content\\\/uploads\\\/2023\\\/05\\\/logo_Masterstick.png&quot;,&quot;customIconWidth&quot;:&quot;131&quot;,&quot;customIconHeight&quot;:&quot;45&quot;},{&quot;lat&quot;:&quot;51.8560646&quot;,&quot;lng&quot;:&quot;19.4104304&quot;,&quot;title&quot;:&quot;CIECHANOWSKI Sp.z o.o.&quot;,&quot;content&quot;:&quot;&amp;lt;div class=&amp;quot;py-3&amp;quot;&amp;gt;\\n\\t\\t\\t ul. D\\u0142uga 15, 95-100 Zgierz\\n\\t\\t&amp;lt;\\\/div&amp;gt;\\n\\t\\t&amp;lt;div class=&amp;quot;d-flex justify-content-center pb-2&amp;quot;&amp;gt;\\n\\t\\t\\t&amp;lt;div class=&amp;quot;d-inline-block me-2&amp;quot;&amp;gt;&amp;lt;a href=&amp;quot;https:\\\/\\\/ciechanowski.com.pl\\\/&amp;quot; target=&amp;quot;blank&amp;quot; rel=&amp;quot;norefferer&amp;quot; title=&amp;quot;Strona WWW&amp;quot; class=&amp;quot;text-black h4&amp;quot;&amp;gt;&amp;lt;span class=&amp;quot;icon-globe&amp;quot;&amp;gt;&amp;lt;\\\/span&amp;gt;&amp;lt;\\\/a&amp;gt;&amp;lt;\\\/div&amp;gt;\\n\\t\\t\\t&amp;lt;div class=&amp;quot;d-inline-block me-2&amp;quot;&amp;gt;&amp;lt;a href=&amp;quot;https:\\\/\\\/goo.gl\\\/maps\\\/r5KNt54hBreXCqES8&amp;quot; target=&amp;quot;blank&amp;quot; rel=&amp;quot;norefferer&amp;quot; title=&amp;quot;Mapa&amp;quot; class=&amp;quot;text-black h4&amp;quot;&amp;gt;&amp;lt;span class=&amp;quot;icon-location&amp;quot;&amp;gt;&amp;lt;\\\/span&amp;gt;&amp;lt;\\\/a&amp;gt;&amp;lt;\\\/div&amp;gt;\\n\\n\\t\\t&amp;lt;\\\/div&amp;gt;&quot;,&quot;iconType&quot;:&quot;custom&quot;,&quot;customIconUrl&quot;:&quot;https:\\\/\\\/www.naumal.com\\\/wp-content\\\/uploads\\\/2023\\\/05\\\/logo_ciechanowski.png&quot;,&quot;customIconWidth&quot;:&quot;152&quot;,&quot;customIconHeight&quot;:&quot;45&quot;},{&quot;lat&quot;:&quot;51.2386196&quot;,&quot;lng&quot;:&quot;22.5724997&quot;,&quot;title&quot;:&quot;Sza\\u0142acha&quot;,&quot;content&quot;:&quot;&amp;lt;div class=&amp;quot;py-3&amp;quot;&amp;gt;\\n\\t\\t\\t ul. Fabryczna 2 Pi\\u0119tro I, lokal&amp;nbsp;1\\\/1.17,&amp;lt;br&amp;gt;20-301 Lublin\\n\\t\\t&amp;lt;\\\/div&amp;gt;\\n\\t\\t&amp;lt;div class=&amp;quot;d-flex justify-content-center pb-2&amp;quot;&amp;gt;\\n\\t\\t\\t&amp;lt;div class=&amp;quot;d-inline-block me-2&amp;quot;&amp;gt;&amp;lt;a href=&amp;quot;https:\\\/\\\/www.szalacha.pl\\\/&amp;quot; target=&amp;quot;blank&amp;quot; rel=&amp;quot;norefferer&amp;quot; title=&amp;quot;Strona WWW&amp;quot; class=&amp;quot;text-black h4&amp;quot;&amp;gt;&amp;lt;span class=&amp;quot;icon-globe&amp;quot;&amp;gt;&amp;lt;\\\/span&amp;gt;&amp;lt;\\\/a&amp;gt;&amp;lt;\\\/div&amp;gt;\\n\\t\\t\\t&amp;lt;div class=&amp;quot;d-inline-block me-2&amp;quot;&amp;gt;&amp;lt;a href=&amp;quot;https:\\\/\\\/goo.gl\\\/maps\\\/dBsdFTarstNzNXj7A&amp;quot; target=&amp;quot;blank&amp;quot; rel=&amp;quot;norefferer&amp;quot; title=&amp;quot;Mapa&amp;quot; class=&amp;quot;text-black h4&amp;quot;&amp;gt;&amp;lt;span class=&amp;quot;icon-location&amp;quot;&amp;gt;&amp;lt;\\\/span&amp;gt;&amp;lt;\\\/a&amp;gt;&amp;lt;\\\/div&amp;gt;\\n\\n\\t\\t&amp;lt;\\\/div&amp;gt;&quot;,&quot;iconType&quot;:&quot;custom&quot;,&quot;customIconUrl&quot;:&quot;https:\\\/\\\/www.naumal.com\\\/wp-content\\\/uploads\\\/2025\\\/10\\\/logo_b_Szalacha.png&quot;,&quot;customIconWidth&quot;:&quot;100&quot;,&quot;customIconHeight&quot;:&quot;33&quot;},{&quot;lat&quot;:&quot;54.709892&quot;,&quot;lng&quot;:&quot;25.2923168&quot;,&quot;title&quot;:&quot;AdamS&quot;,&quot;content&quot;:&quot;&amp;lt;div class=&amp;quot;py-3&amp;quot;&amp;gt;\\n\\t\\t\\tUlon\\u0173 g. 5, 08240 Vilnius, Litwa\\n\\t\\t&amp;lt;\\\/div&amp;gt;\\n\\t\\t&amp;lt;div class=&amp;quot;d-flex justify-content-center pb-2&amp;quot;&amp;gt;\\n\\t\\t\\t&amp;lt;div class=&amp;quot;d-inline-block me-2&amp;quot;&amp;gt;&amp;lt;a href=&amp;quot;https:\\\/\\\/tinyurl.com\\\/bdh9d7tu&amp;quot; target=&amp;quot;blank&amp;quot; rel=&amp;quot;norefferer&amp;quot; title=&amp;quot;Strona WWW&amp;quot; class=&amp;quot;text-black h4&amp;quot;&amp;gt;&amp;lt;span class=&amp;quot;icon-globe&amp;quot;&amp;gt;&amp;lt;\\\/span&amp;gt;&amp;lt;\\\/a&amp;gt;&amp;lt;\\\/div&amp;gt;\\n\\t\\t\\t&amp;lt;div class=&amp;quot;d-inline-block me-2&amp;quot;&amp;gt;&amp;lt;a href=&amp;quot;https:\\\/\\\/goo.gl\\\/maps\\\/P2AYm4JhNMJqURN17&amp;quot; target=&amp;quot;blank&amp;quot; rel=&amp;quot;norefferer&amp;quot; title=&amp;quot;Mapa&amp;quot; class=&amp;quot;text-black h4&amp;quot;&amp;gt;&amp;lt;span class=&amp;quot;icon-location&amp;quot;&amp;gt;&amp;lt;\\\/span&amp;gt;&amp;lt;\\\/a&amp;gt;&amp;lt;\\\/div&amp;gt;\\n\\n\\t\\t&amp;lt;\\\/div&amp;gt;&quot;,&quot;iconType&quot;:&quot;custom&quot;,&quot;customIconUrl&quot;:&quot;https:\\\/\\\/www.naumal.com\\\/wp-content\\\/uploads\\\/2023\\\/07\\\/logo_b_Adams_2.png&quot;,&quot;customIconWidth&quot;:&quot;131&quot;,&quot;customIconHeight&quot;:&quot;45&quot;},{&quot;lat&quot;:&quot;50.0303328&quot;,&quot;lng&quot;:&quot;22.0049129&quot;,&quot;title&quot;:&quot;GEMELO&quot;,&quot;content&quot;:&quot;&amp;lt;div class=&amp;quot;py-3&amp;quot;&amp;gt;\\n\\t\\t\\t CAPITAL TOWERS, Rzesz\\u00f3w,&amp;lt;br&amp;gt;ul. Podwis\\u0142ocze 27\\\/UL2\\n\\t\\t&amp;lt;\\\/div&amp;gt;\\n\\t\\t&amp;lt;div class=&amp;quot;d-flex justify-content-center pb-2&amp;quot;&amp;gt;\\n\\t\\t\\t&amp;lt;div class=&amp;quot;d-inline-block me-2&amp;quot;&amp;gt;&amp;lt;a href=&amp;quot;https:\\\/\\\/gemelo.pl\\\/&amp;quot; target=&amp;quot;blank&amp;quot; rel=&amp;quot;norefferer&amp;quot; title=&amp;quot;Strona WWW&amp;quot; class=&amp;quot;text-black h4&amp;quot;&amp;gt;&amp;lt;span class=&amp;quot;icon-globe&amp;quot;&amp;gt;&amp;lt;\\\/span&amp;gt;&amp;lt;\\\/a&amp;gt;&amp;lt;\\\/div&amp;gt;\\n\\t\\t\\t&amp;lt;div class=&amp;quot;d-inline-block me-2&amp;quot;&amp;gt;&amp;lt;a href=&amp;quot;https:\\\/\\\/maps.app.goo.gl\\\/ozcc6u6amnAVvWxd8&amp;quot; target=&amp;quot;blank&amp;quot; rel=&amp;quot;norefferer&amp;quot; title=&amp;quot;Mapa&amp;quot; class=&amp;quot;text-black h4&amp;quot;&amp;gt;&amp;lt;span class=&amp;quot;icon-location&amp;quot;&amp;gt;&amp;lt;\\\/span&amp;gt;&amp;lt;\\\/a&amp;gt;&amp;lt;\\\/div&amp;gt;\\n\\n\\t\\t&amp;lt;\\\/div&amp;gt;&quot;,&quot;iconType&quot;:&quot;custom&quot;,&quot;customIconUrl&quot;:&quot;https:\\\/\\\/www.naumal.com\\\/wp-content\\\/uploads\\\/2024\\\/05\\\/gemelo_100x34.jpg&quot;,&quot;customIconWidth&quot;:&quot;90&quot;,&quot;customIconHeight&quot;:&quot;30&quot;},{&quot;lat&quot;:&quot;51.133679487321&quot;,&quot;lng&quot;:&quot;17.063205242157&quot;,&quot;title&quot;:&quot;Novis&quot;,&quot;content&quot;:&quot;&amp;lt;div class=&amp;quot;py-3&amp;quot;&amp;gt;\\n\\t\\t\\t Novis, 31-39 Wroc\\u0142aw,&amp;lt;br&amp;gt;Jana D\\u0142ugosza, lokal 1\\n\\t\\t&amp;lt;\\\/div&amp;gt;\\n\\t\\t&amp;lt;div class=&amp;quot;d-flex justify-content-center pb-2&amp;quot;&amp;gt;\\n\\t\\t\\t&amp;lt;div class=&amp;quot;d-inline-block me-2&amp;quot;&amp;gt;&amp;lt;a href=&amp;quot;https:\\\/\\\/novis.net.pl\\\/&amp;quot; target=&amp;quot;blank&amp;quot; rel=&amp;quot;norefferer&amp;quot; title=&amp;quot;Strona WWW&amp;quot; class=&amp;quot;text-black h4&amp;quot;&amp;gt;&amp;lt;span class=&amp;quot;icon-globe&amp;quot;&amp;gt;&amp;lt;\\\/span&amp;gt;&amp;lt;\\\/a&amp;gt;&amp;lt;\\\/div&amp;gt;\\n\\t\\t\\t&amp;lt;div class=&amp;quot;d-inline-block me-2&amp;quot;&amp;gt;&amp;lt;a href=&amp;quot;https:\\\/\\\/maps.app.goo.gl\\\/D4qp9xs2FE5MbxM18&amp;quot; target=&amp;quot;blank&amp;quot; rel=&amp;quot;norefferer&amp;quot; title=&amp;quot;Mapa&amp;quot; class=&amp;quot;text-black h4&amp;quot;&amp;gt;&amp;lt;span class=&amp;quot;icon-location&amp;quot;&amp;gt;&amp;lt;\\\/span&amp;gt;&amp;lt;\\\/a&amp;gt;&amp;lt;\\\/div&amp;gt;\\n\\n\\t\\t&amp;lt;\\\/div&amp;gt;&quot;,&quot;iconType&quot;:&quot;custom&quot;,&quot;customIconUrl&quot;:&quot;https:\\\/\\\/www.naumal.com\\\/wp-content\\\/uploads\\\/2025\\\/10\\\/novis_logo_25.png&quot;,&quot;customIconWidth&quot;:&quot;95&quot;,&quot;customIconHeight&quot;:&quot;28&quot;},{&quot;lat&quot;:&quot;54.03342880585&quot;,&quot;lng&quot;:&quot;21.771533489227&quot;,&quot;title&quot;:&quot;Salon Okien Niewi\\u0144ski&quot;,&quot;content&quot;:&quot;&amp;lt;div class=&amp;quot;py-3&amp;quot;&amp;gt;\\n\\t\\t\\t Salon Okien Niewi\\u0144ski, 11-500 Gi\\u017cycko,&amp;lt;br&amp;gt;Pasa\\u017c Portowy 19\\n\\t\\t&amp;lt;\\\/div&amp;gt;\\n\\t\\t&amp;lt;div class=&amp;quot;d-flex justify-content-center pb-2&amp;quot;&amp;gt;\\n\\t\\t\\t&amp;lt;div class=&amp;quot;d-inline-block me-2&amp;quot;&amp;gt;&amp;lt;a href=&amp;quot;https:\\\/\\\/niewinskiokna.pl\\\/&amp;quot; target=&amp;quot;blank&amp;quot; rel=&amp;quot;norefferer&amp;quot; title=&amp;quot;Strona WWW&amp;quot; class=&amp;quot;text-black h4&amp;quot;&amp;gt;&amp;lt;span class=&amp;quot;icon-globe&amp;quot;&amp;gt;&amp;lt;\\\/span&amp;gt;&amp;lt;\\\/a&amp;gt;&amp;lt;\\\/div&amp;gt;\\n\\t\\t\\t&amp;lt;div class=&amp;quot;d-inline-block me-2&amp;quot;&amp;gt;&amp;lt;a href=&amp;quot;https:\\\/\\\/maps.app.goo.gl\\\/z6tusb9cY8UjXzk87&amp;quot; target=&amp;quot;blank&amp;quot; rel=&amp;quot;norefferer&amp;quot; title=&amp;quot;Mapa&amp;quot; class=&amp;quot;text-black h4&amp;quot;&amp;gt;&amp;lt;span class=&amp;quot;icon-location&amp;quot;&amp;gt;&amp;lt;\\\/span&amp;gt;&amp;lt;\\\/a&amp;gt;&amp;lt;\\\/div&amp;gt;\\n\\n\\t\\t&amp;lt;\\\/div&amp;gt;&quot;,&quot;iconType&quot;:&quot;custom&quot;,&quot;customIconUrl&quot;:&quot;https:\\\/\\\/www.naumal.com\\\/wp-content\\\/uploads\\\/2025\\\/10\\\/logo_b_SalonNiewinski-1.png&quot;,&quot;customIconWidth&quot;:&quot;95&quot;,&quot;customIconHeight&quot;:&quot;40&quot;}],&quot;map_zoom&quot;:&quot;6&quot;,&quot;scroll_wheel_zoom&quot;:false,&quot;map_type&quot;:&quot;OSM&quot;,&quot;center_index&quot;:2}' class=\"wpmapblockrender\" style=\"\n\t\t\twidth: 100%;\n\t\t\theight: 556px;\n\t\t\"><\/div>\n        <\/div>\n<\/div>\n\n\n\n<p><\/p>\n","protected":false},"excerpt":{"rendered":"<p>Dystrybutorzy Firma Naumal nie prowadzi sprzeda\u017cy indywidualnej. Nasze produkty mo\u017cna kupi\u0107 tylko i wy\u0142\u0105cznie poprzez sie\u0107 autoryzowanych i wyszkolonych dystrybutor\u00f3w. Dzi\u0119ki temu nasi klienci otrzymuj\u0105 mo\u017cliwo\u015b\u0107 zakupu produktu dobrej jako\u015bci oraz monta\u017c, wsparcie techniczne i obs\u0142ug\u0119 w swoich regionach. Znacz\u0105co usprawnia to proces obs\u0142ugi klienta.<\/p>\n","protected":false},"author":1,"featured_media":21,"parent":121,"menu_order":4,"comment_status":"closed","ping_status":"closed","template":"","meta":{"footnotes":""},"class_list":["post-64","page","type-page","status-publish","has-post-thumbnail","hentry"],"_links":{"self":[{"href":"https:\/\/www.naumal.com\/index.php\/wp-json\/wp\/v2\/pages\/64","targetHints":{"allow":["GET"]}}],"collection":[{"href":"https:\/\/www.naumal.com\/index.php\/wp-json\/wp\/v2\/pages"}],"about":[{"href":"https:\/\/www.naumal.com\/index.php\/wp-json\/wp\/v2\/types\/page"}],"author":[{"embeddable":true,"href":"https:\/\/www.naumal.com\/index.php\/wp-json\/wp\/v2\/users\/1"}],"replies":[{"embeddable":true,"href":"https:\/\/www.naumal.com\/index.php\/wp-json\/wp\/v2\/comments?post=64"}],"version-history":[{"count":64,"href":"https:\/\/www.naumal.com\/index.php\/wp-json\/wp\/v2\/pages\/64\/revisions"}],"predecessor-version":[{"id":419,"href":"https:\/\/www.naumal.com\/index.php\/wp-json\/wp\/v2\/pages\/64\/revisions\/419"}],"up":[{"embeddable":true,"href":"https:\/\/www.naumal.com\/index.php\/wp-json\/wp\/v2\/pages\/121"}],"wp:featuredmedia":[{"embeddable":true,"href":"https:\/\/www.naumal.com\/index.php\/wp-json\/wp\/v2\/media\/21"}],"wp:attachment":[{"href":"https:\/\/www.naumal.com\/index.php\/wp-json\/wp\/v2\/media?parent=64"}],"curies":[{"name":"wp","href":"https:\/\/api.w.org\/{rel}","templated":true}]}}