{"id":66,"date":"2022-09-18T14:25:09","date_gmt":"2022-09-18T12:25:09","guid":{"rendered":"https:\/\/www.naumal.com\/?page_id=66"},"modified":"2024-02-21T23:20:56","modified_gmt":"2024-02-21T22:20:56","slug":"kontakt","status":"publish","type":"page","link":"https:\/\/www.naumal.com\/index.php\/home\/kontakt\/","title":{"rendered":"Kontakt"},"content":{"rendered":"\n<div class=\"wp-block-group\"><div class=\"wp-block-group__inner-container is-layout-constrained wp-block-group-is-layout-constrained\">\n<div class=\"wp-block-columns are-vertically-aligned-center align-items-center is-layout-flex wp-container-core-columns-is-layout-9d6595d7 wp-block-columns-is-layout-flex\">\n<div class=\"wp-block-column is-vertically-aligned-center col-12 col-md-3 pb-3 is-layout-flow wp-block-column-is-layout-flow\">\n<h3 class=\"wp-block-heading\">KONTAKT<\/h3>\n\n\n\n<p><\/p>\n<\/div>\n\n\n\n<div class=\"wp-block-column is-vertically-aligned-center col-12 col-md-8 is-layout-flow wp-block-column-is-layout-flow\" style=\"flex-basis:29%\">\n<h3 class=\"wp-block-heading\">ZAK\u0141AD PRODUKCYJNY<\/h3>\n\n\n\n<p>NAUMAL Sp. z o.o.<br>Jadwinin 25B, 95-200 Pabianice<\/p>\n\n\n\n<p><a href=\"tel:+48727707707\" class=\"h3 text-black text-decoration-none\">727 707 707<\/a><br><a href=\"mailto:info@naumal.com\" class=\"h3 text-black text-decoration-none\">info@naumal.com<\/a><\/p>\n\n\n\n<h3 class=\"wp-block-heading\">ZAPRASZAMY<\/h3>\n\n\n\n<p>od poniedzia\u0142ku do pi\u0105tku<br>w godzinach 8.00-16.00<\/p>\n\n\n\n\n\n<p><\/p>\n<\/div>\n\n\n\n<div class=\"wp-block-column align-self-start is-layout-flow wp-block-column-is-layout-flow\" style=\"flex-basis:36%\">\n<p>Je\u015bli jeste\u015b zainteresowany zakupem naszych okien zapraszamy do kontaktu z&nbsp;naszymi dystrybutorami, wymienionymi powy\u017cej.<br>Firma Naumal nie prowadzi sprzeda\u017cy indywidualnej<\/p>\n<\/div>\n<\/div>\n<\/div><\/div>\n\n\n\n<div class=\"wp-block-columns is-layout-flex wp-container-core-columns-is-layout-9d6595d7 wp-block-columns-is-layout-flex\">\n<div class=\"wp-block-column is-layout-flow wp-block-column-is-layout-flow\">\n<div class=\"wp-block-columns is-layout-flex wp-container-core-columns-is-layout-9d6595d7 wp-block-columns-is-layout-flex\">\n<div class=\"wp-block-column is-layout-flow wp-block-column-is-layout-flow\">\n<br><br>\n\n\n\t\t<div id=\"wpmapblock_a49b714b\" data-settings='{&quot;map_marker&quot;:[{&quot;lat&quot;:&quot;51.624012&quot;,&quot;lng&quot;:&quot;19.365181&quot;,&quot;title&quot;:&quot;Naumal&quot;,&quot;content&quot;:&quot;Produkcja okien aluminiowych.\\n&amp;lt;br&amp;gt;\\n\\t&amp;lt;div class=&amp;quot;py-3&amp;quot;&amp;gt;\\n\\t\\t\\tJadwinin 25B, 95-200 Pabianice\\n\\t\\t&amp;lt;\\\/div&amp;gt;\\n\\t\\t&amp;lt;div class=&amp;quot;d-flex justify-content-center pb-2&amp;quot;&amp;gt;\\n\\t\\t\\t\\t&amp;lt;div class=&amp;quot;d-inline-block me-2&amp;quot;&amp;gt;&amp;lt;a href=&amp;quot;https:\\\/\\\/goo.gl\\\/maps\\\/GYt4uCJBYK1a8QLh7&amp;quot; target=&amp;quot;blank&amp;quot; rel=&amp;quot;norefferer&amp;quot; title=&amp;quot;Mapa&amp;quot; class=&amp;quot;text-black h4&amp;quot;&amp;gt;&amp;lt;span class=&amp;quot;icon-location&amp;quot;&amp;gt;&amp;lt;\\\/span&amp;gt;&amp;lt;\\\/a&amp;gt;&amp;lt;\\\/div&amp;gt;\\n\\n\\t\\t&amp;lt;\\\/div&amp;gt;\\n&quot;,&quot;iconType&quot;:&quot;custom&quot;,&quot;customIconUrl&quot;:&quot;https:\\\/\\\/www.naumal.com\\\/wp-content\\\/uploads\\\/2023\\\/05\\\/naumal_map_inv.png&quot;,&quot;customIconWidth&quot;:&quot;50&quot;,&quot;customIconHeight&quot;:&quot;50&quot;}],&quot;map_zoom&quot;:10,&quot;scroll_wheel_zoom&quot;:false,&quot;map_type&quot;:&quot;GM&quot;,&quot;center_index&quot;:0}' class=\"wpmapblockrender\" style=\"\n\t\t\twidth: 100%;\n\t\t\theight: 500px;\n\t\t\"><\/div>\n        <\/div>\n<\/div>\n<\/div>\n<\/div>\n","protected":false},"excerpt":{"rendered":"<p>KONTAKT ZAK\u0141AD PRODUKCYJNY NAUMAL Sp. z o.o.Jadwinin 25B, 95-200 Pabianice 727 707 707info@naumal.com ZAPRASZAMY od poniedzia\u0142ku do pi\u0105tkuw godzinach 8.00-16.00 Je\u015bli jeste\u015b zainteresowany zakupem naszych okien zapraszamy do kontaktu z&nbsp;naszymi dystrybutorami, wymienionymi powy\u017cej.Firma Naumal nie prowadzi sprzeda\u017cy indywidualnej<\/p>\n","protected":false},"author":1,"featured_media":21,"parent":121,"menu_order":5,"comment_status":"closed","ping_status":"closed","template":"","meta":{"footnotes":""},"class_list":["post-66","page","type-page","status-publish","has-post-thumbnail","hentry"],"_links":{"self":[{"href":"https:\/\/www.naumal.com\/index.php\/wp-json\/wp\/v2\/pages\/66","targetHints":{"allow":["GET"]}}],"collection":[{"href":"https:\/\/www.naumal.com\/index.php\/wp-json\/wp\/v2\/pages"}],"about":[{"href":"https:\/\/www.naumal.com\/index.php\/wp-json\/wp\/v2\/types\/page"}],"author":[{"embeddable":true,"href":"https:\/\/www.naumal.com\/index.php\/wp-json\/wp\/v2\/users\/1"}],"replies":[{"embeddable":true,"href":"https:\/\/www.naumal.com\/index.php\/wp-json\/wp\/v2\/comments?post=66"}],"version-history":[{"count":58,"href":"https:\/\/www.naumal.com\/index.php\/wp-json\/wp\/v2\/pages\/66\/revisions"}],"predecessor-version":[{"id":372,"href":"https:\/\/www.naumal.com\/index.php\/wp-json\/wp\/v2\/pages\/66\/revisions\/372"}],"up":[{"embeddable":true,"href":"https:\/\/www.naumal.com\/index.php\/wp-json\/wp\/v2\/pages\/121"}],"wp:featuredmedia":[{"embeddable":true,"href":"https:\/\/www.naumal.com\/index.php\/wp-json\/wp\/v2\/media\/21"}],"wp:attachment":[{"href":"https:\/\/www.naumal.com\/index.php\/wp-json\/wp\/v2\/media?parent=66"}],"curies":[{"name":"wp","href":"https:\/\/api.w.org\/{rel}","templated":true}]}}